{"id":1254,"date":"2024-09-20T16:45:04","date_gmt":"2024-09-20T21:45:04","guid":{"rendered":"http:\/\/www.vortice.espol.edu.ec\/?page_id=1254"},"modified":"2025-10-02T16:20:49","modified_gmt":"2025-10-02T21:20:49","slug":"vortice","status":"publish","type":"page","link":"https:\/\/www.vortice.espol.edu.ec\/","title":{"rendered":"V\u00f3rtice"},"content":{"rendered":"\n<div style=\"height:25px\" aria-hidden=\"true\" class=\"wp-block-spacer\"><\/div>\n\n\n\n<p class=\"has-text-align-center\" style=\"font-size:17px\"><strong>V\u00d3RTICE<\/strong> es un encuentro internacional que promueve espacios de interacci\u00f3n y socializaci\u00f3n del dise\u00f1o y sus \u00e1reas dentro de la comunicaci\u00f3n visual, la producci\u00f3n audiovisual y el dise\u00f1o de producto, buscamos remarcar el aporte de las carreras de <strong>FADCOM<\/strong> a la sociedad.&nbsp;<\/p>\n\n\n<div class=\"wp-block-image\">\n<figure class=\"aligncenter size-full\"><a href=\"http:\/\/www.vortice.espol.edu.ec\/wp-content\/uploads\/2025\/10\/Vortice-2025-web-1-06-scaled.png\"><img fetchpriority=\"high\" decoding=\"async\" width=\"2560\" height=\"1536\" src=\"http:\/\/www.vortice.espol.edu.ec\/wp-content\/uploads\/2025\/10\/Vortice-2025-web-1-06-scaled.png\" alt=\"\" class=\"wp-image-1522\" srcset=\"https:\/\/www.vortice.espol.edu.ec\/wp-content\/uploads\/2025\/10\/Vortice-2025-web-1-06-scaled.png 2560w, https:\/\/www.vortice.espol.edu.ec\/wp-content\/uploads\/2025\/10\/Vortice-2025-web-1-06-300x180.png 300w, https:\/\/www.vortice.espol.edu.ec\/wp-content\/uploads\/2025\/10\/Vortice-2025-web-1-06-1024x614.png 1024w, https:\/\/www.vortice.espol.edu.ec\/wp-content\/uploads\/2025\/10\/Vortice-2025-web-1-06-768x461.png 768w, https:\/\/www.vortice.espol.edu.ec\/wp-content\/uploads\/2025\/10\/Vortice-2025-web-1-06-1536x922.png 1536w, https:\/\/www.vortice.espol.edu.ec\/wp-content\/uploads\/2025\/10\/Vortice-2025-web-1-06-2048x1229.png 2048w, https:\/\/www.vortice.espol.edu.ec\/wp-content\/uploads\/2025\/10\/Vortice-2025-web-1-06-2000x1200.png 2000w\" sizes=\"(max-width: 706px) 89vw, (max-width: 767px) 82vw, 740px\" \/><\/a><\/figure><\/div>\n\n\n<p class=\"has-text-align-center\" style=\"font-size:17px\">Este evento anual, abierto al p\u00fablico en general, propicia el intercambio con expertos profesionales de distintas disciplinas, fomentando la participaci\u00f3n e integraci\u00f3n estudiantil con el medio. Exposiciones, conferencias, mesas redondas son algunas de las actividades que realizamos para el fortalecimiento de la cultura de dise\u00f1o y la comunicaci\u00f3n visual en el pa\u00eds.&nbsp;<\/p>\n\n\n\n<p class=\"has-text-align-center\">Este a\u00f1o 2025, exploraremos el diverso universo de las im\u00e1genes que cuentan historias, construyen sentidos y conectan con nuestras experiencias. Los invitamos a repensar el dise\u00f1o y la creatividad como relatos gr\u00e1ficos, sonoros, animados y materiales.<\/p>\n\n\n\n<hr class=\"wp-block-separator has-alpha-channel-opacity is-style-default\"\/>\n\n\n\n<p class=\"has-text-align-center\" style=\"font-size:17px\"><strong>\u00bfC\u00f3mo Llegar?<\/strong><\/p>\n\n\n<div class=\"wp-block-image\">\n<figure class=\"aligncenter size-large\"><a href=\"http:\/\/www.vortice.espol.edu.ec\/wp-content\/uploads\/2025\/10\/Mapa-ESPOL-2025-01-scaled.png\"><img decoding=\"async\" width=\"1024\" height=\"640\" src=\"http:\/\/www.vortice.espol.edu.ec\/wp-content\/uploads\/2025\/10\/Mapa-ESPOL-2025-01-1024x640.png\" alt=\"\" class=\"wp-image-1524\" srcset=\"https:\/\/www.vortice.espol.edu.ec\/wp-content\/uploads\/2025\/10\/Mapa-ESPOL-2025-01-1024x640.png 1024w, https:\/\/www.vortice.espol.edu.ec\/wp-content\/uploads\/2025\/10\/Mapa-ESPOL-2025-01-300x188.png 300w, https:\/\/www.vortice.espol.edu.ec\/wp-content\/uploads\/2025\/10\/Mapa-ESPOL-2025-01-768x480.png 768w, https:\/\/www.vortice.espol.edu.ec\/wp-content\/uploads\/2025\/10\/Mapa-ESPOL-2025-01-1536x960.png 1536w, https:\/\/www.vortice.espol.edu.ec\/wp-content\/uploads\/2025\/10\/Mapa-ESPOL-2025-01-2048x1280.png 2048w\" sizes=\"(max-width: 706px) 89vw, (max-width: 767px) 82vw, 740px\" \/><\/a><\/figure><\/div>\n\n\n<div style=\"height:25px\" aria-hidden=\"true\" class=\"wp-block-spacer\"><\/div>\n\n\n\n<p class=\"has-text-align-center has-cyan-bluish-gray-color has-text-color\">Organiza:<\/p>\n\n\n<div class=\"wp-block-image\">\n<figure class=\"aligncenter size-large is-resized\"><img decoding=\"async\" width=\"1024\" height=\"150\" src=\"http:\/\/www.vortice.espol.edu.ec\/wp-content\/uploads\/2024\/09\/LOGO-FADCOM-corto-magenta-02-1024x150.png\" alt=\"\" class=\"wp-image-1308\" style=\"width:380px;height:55px\" srcset=\"https:\/\/www.vortice.espol.edu.ec\/wp-content\/uploads\/2024\/09\/LOGO-FADCOM-corto-magenta-02-1024x150.png 1024w, https:\/\/www.vortice.espol.edu.ec\/wp-content\/uploads\/2024\/09\/LOGO-FADCOM-corto-magenta-02-300x44.png 300w, https:\/\/www.vortice.espol.edu.ec\/wp-content\/uploads\/2024\/09\/LOGO-FADCOM-corto-magenta-02-768x112.png 768w, https:\/\/www.vortice.espol.edu.ec\/wp-content\/uploads\/2024\/09\/LOGO-FADCOM-corto-magenta-02.png 1383w\" sizes=\"(max-width: 706px) 89vw, (max-width: 767px) 82vw, 740px\" \/><\/figure><\/div>\n\n\n<div style=\"height:25px\" aria-hidden=\"true\" class=\"wp-block-spacer\"><\/div>\n\n\n\n<p class=\"has-text-align-center has-cyan-bluish-gray-color has-text-color\">Con el apoyo de:<\/p>\n\n\n\n<div class=\"wp-block-columns is-layout-flex wp-container-core-columns-is-layout-9d6595d7 wp-block-columns-is-layout-flex\">\n<div class=\"wp-block-column is-vertically-aligned-center is-layout-flow wp-block-column-is-layout-flow\" style=\"flex-basis:100%\"><div class=\"wp-block-image is-style-default\">\n<figure class=\"aligncenter size-large is-resized\"><img loading=\"lazy\" decoding=\"async\" width=\"1024\" height=\"90\" src=\"http:\/\/www.vortice.espol.edu.ec\/wp-content\/uploads\/2025\/10\/vortice-2025-web-apoyo-1-1024x90.png\" alt=\"\" class=\"wp-image-1526\" style=\"aspect-ratio:6.475;object-fit:contain;width:420px;height:auto\" srcset=\"https:\/\/www.vortice.espol.edu.ec\/wp-content\/uploads\/2025\/10\/vortice-2025-web-apoyo-1-1024x90.png 1024w, https:\/\/www.vortice.espol.edu.ec\/wp-content\/uploads\/2025\/10\/vortice-2025-web-apoyo-1-300x26.png 300w, https:\/\/www.vortice.espol.edu.ec\/wp-content\/uploads\/2025\/10\/vortice-2025-web-apoyo-1-768x68.png 768w, https:\/\/www.vortice.espol.edu.ec\/wp-content\/uploads\/2025\/10\/vortice-2025-web-apoyo-1-1536x135.png 1536w, https:\/\/www.vortice.espol.edu.ec\/wp-content\/uploads\/2025\/10\/vortice-2025-web-apoyo-1-2048x180.png 2048w\" sizes=\"(max-width: 706px) 89vw, (max-width: 767px) 82vw, 740px\" \/><\/figure><\/div><\/div>\n<\/div>\n\n\n\n<div style=\"height:25px\" aria-hidden=\"true\" class=\"wp-block-spacer\"><\/div>\n\n\n\n<p class=\"has-text-align-center has-cyan-bluish-gray-color has-text-color\">S\u00edguenos:<\/p>\n\n\n\n<ul class=\"wp-block-social-links aligncenter has-icon-color has-icon-background-color is-style-default is-horizontal is-content-justification-center is-layout-flex wp-container-core-social-links-is-layout-937ffba9 wp-block-social-links-is-layout-flex\"><li style=\"color: #ffffff; background-color: #abb8c3; \" class=\"wp-social-link wp-social-link-instagram has-white-color wp-block-social-link\"><a href=\"https:\/\/www.instagram.com\/vortice.espol\/\" class=\"wp-block-social-link-anchor\"><svg width=\"24\" height=\"24\" viewBox=\"0 0 24 24\" version=\"1.1\" xmlns=\"http:\/\/www.w3.org\/2000\/svg\" aria-hidden=\"true\" focusable=\"false\"><path d=\"M12,4.622c2.403,0,2.688,0.009,3.637,0.052c0.877,0.04,1.354,0.187,1.671,0.31c0.42,0.163,0.72,0.358,1.035,0.673 c0.315,0.315,0.51,0.615,0.673,1.035c0.123,0.317,0.27,0.794,0.31,1.671c0.043,0.949,0.052,1.234,0.052,3.637 s-0.009,2.688-0.052,3.637c-0.04,0.877-0.187,1.354-0.31,1.671c-0.163,0.42-0.358,0.72-0.673,1.035 c-0.315,0.315-0.615,0.51-1.035,0.673c-0.317,0.123-0.794,0.27-1.671,0.31c-0.949,0.043-1.233,0.052-3.637,0.052 s-2.688-0.009-3.637-0.052c-0.877-0.04-1.354-0.187-1.671-0.31c-0.42-0.163-0.72-0.358-1.035-0.673 c-0.315-0.315-0.51-0.615-0.673-1.035c-0.123-0.317-0.27-0.794-0.31-1.671C4.631,14.688,4.622,14.403,4.622,12 s0.009-2.688,0.052-3.637c0.04-0.877,0.187-1.354,0.31-1.671c0.163-0.42,0.358-0.72,0.673-1.035 c0.315-0.315,0.615-0.51,1.035-0.673c0.317-0.123,0.794-0.27,1.671-0.31C9.312,4.631,9.597,4.622,12,4.622 M12,3 C9.556,3,9.249,3.01,8.289,3.054C7.331,3.098,6.677,3.25,6.105,3.472C5.513,3.702,5.011,4.01,4.511,4.511 c-0.5,0.5-0.808,1.002-1.038,1.594C3.25,6.677,3.098,7.331,3.054,8.289C3.01,9.249,3,9.556,3,12c0,2.444,0.01,2.751,0.054,3.711 c0.044,0.958,0.196,1.612,0.418,2.185c0.23,0.592,0.538,1.094,1.038,1.594c0.5,0.5,1.002,0.808,1.594,1.038 c0.572,0.222,1.227,0.375,2.185,0.418C9.249,20.99,9.556,21,12,21s2.751-0.01,3.711-0.054c0.958-0.044,1.612-0.196,2.185-0.418 c0.592-0.23,1.094-0.538,1.594-1.038c0.5-0.5,0.808-1.002,1.038-1.594c0.222-0.572,0.375-1.227,0.418-2.185 C20.99,14.751,21,14.444,21,12s-0.01-2.751-0.054-3.711c-0.044-0.958-0.196-1.612-0.418-2.185c-0.23-0.592-0.538-1.094-1.038-1.594 c-0.5-0.5-1.002-0.808-1.594-1.038c-0.572-0.222-1.227-0.375-2.185-0.418C14.751,3.01,14.444,3,12,3L12,3z M12,7.378 c-2.552,0-4.622,2.069-4.622,4.622S9.448,16.622,12,16.622s4.622-2.069,4.622-4.622S14.552,7.378,12,7.378z M12,15 c-1.657,0-3-1.343-3-3s1.343-3,3-3s3,1.343,3,3S13.657,15,12,15z M16.804,6.116c-0.596,0-1.08,0.484-1.08,1.08 s0.484,1.08,1.08,1.08c0.596,0,1.08-0.484,1.08-1.08S17.401,6.116,16.804,6.116z\"><\/path><\/svg><span class=\"wp-block-social-link-label screen-reader-text\">Instagram<\/span><\/a><\/li>\n\n<li style=\"color: #ffffff; background-color: #abb8c3; \" class=\"wp-social-link wp-social-link-facebook has-white-color wp-block-social-link\"><a href=\"https:\/\/www.facebook.com\/vortice.espol\" class=\"wp-block-social-link-anchor\"><svg width=\"24\" height=\"24\" viewBox=\"0 0 24 24\" version=\"1.1\" xmlns=\"http:\/\/www.w3.org\/2000\/svg\" aria-hidden=\"true\" focusable=\"false\"><path d=\"M12 2C6.5 2 2 6.5 2 12c0 5 3.7 9.1 8.4 9.9v-7H7.9V12h2.5V9.8c0-2.5 1.5-3.9 3.8-3.9 1.1 0 2.2.2 2.2.2v2.5h-1.3c-1.2 0-1.6.8-1.6 1.6V12h2.8l-.4 2.9h-2.3v7C18.3 21.1 22 17 22 12c0-5.5-4.5-10-10-10z\"><\/path><\/svg><span class=\"wp-block-social-link-label screen-reader-text\">Facebook<\/span><\/a><\/li><\/ul>\n\n\n\n<p><\/p>\n","protected":false},"excerpt":{"rendered":"<p>V\u00d3RTICE es un encuentro internacional que promueve espacios de interacci\u00f3n y socializaci\u00f3n del dise\u00f1o y sus \u00e1reas dentro de la comunicaci\u00f3n visual, la producci\u00f3n audiovisual y el dise\u00f1o de producto, buscamos remarcar el aporte de las carreras de FADCOM a la sociedad.&nbsp; Este evento anual, abierto al p\u00fablico en general, propicia el intercambio con expertos &hellip; <\/p>\n<p class=\"link-more\"><a href=\"https:\/\/www.vortice.espol.edu.ec\/\" class=\"more-link\">Continuar leyendo<span class=\"screen-reader-text\"> \u00abV\u00f3rtice\u00bb<\/span><\/a><\/p>\n","protected":false},"author":1,"featured_media":0,"parent":0,"menu_order":0,"comment_status":"closed","ping_status":"closed","template":"","meta":{"footnotes":""},"class_list":["post-1254","page","type-page","status-publish","hentry"],"_links":{"self":[{"href":"https:\/\/www.vortice.espol.edu.ec\/index.php\/wp-json\/wp\/v2\/pages\/1254","targetHints":{"allow":["GET"]}}],"collection":[{"href":"https:\/\/www.vortice.espol.edu.ec\/index.php\/wp-json\/wp\/v2\/pages"}],"about":[{"href":"https:\/\/www.vortice.espol.edu.ec\/index.php\/wp-json\/wp\/v2\/types\/page"}],"author":[{"embeddable":true,"href":"https:\/\/www.vortice.espol.edu.ec\/index.php\/wp-json\/wp\/v2\/users\/1"}],"replies":[{"embeddable":true,"href":"https:\/\/www.vortice.espol.edu.ec\/index.php\/wp-json\/wp\/v2\/comments?post=1254"}],"version-history":[{"count":21,"href":"https:\/\/www.vortice.espol.edu.ec\/index.php\/wp-json\/wp\/v2\/pages\/1254\/revisions"}],"predecessor-version":[{"id":1534,"href":"https:\/\/www.vortice.espol.edu.ec\/index.php\/wp-json\/wp\/v2\/pages\/1254\/revisions\/1534"}],"wp:attachment":[{"href":"https:\/\/www.vortice.espol.edu.ec\/index.php\/wp-json\/wp\/v2\/media?parent=1254"}],"curies":[{"name":"wp","href":"https:\/\/api.w.org\/{rel}","templated":true}]}}