{"id":1585,"date":"2025-10-14T08:42:55","date_gmt":"2025-10-14T13:42:55","guid":{"rendered":"http:\/\/www.vortice.espol.edu.ec\/?page_id=1585"},"modified":"2025-10-14T08:42:56","modified_gmt":"2025-10-14T13:42:56","slug":"enrique-valderrama","status":"publish","type":"page","link":"https:\/\/www.vortice.espol.edu.ec\/index.php\/enrique-valderrama\/","title":{"rendered":"ENRIQUE VALDERRAMA"},"content":{"rendered":"\n<p><strong>Game Producer y Project Manager<\/strong>, con experiencia tambi\u00e9n en patrocinios deportivos. Lleva 5 a\u00f1os en la <strong>industria del videojuego<\/strong> y siempre ha estado ligado a la parte acad\u00e9mica, mentorizando proyectos de alumnos y compartiendo tanto lo que he aprendido como lo que sigo aprendiendo en el camino. Profesionalmente, he pasado del <strong>indie<\/strong> al <strong>triple A<\/strong>, empezando con proyectos acad\u00e9micos y m\u00e1s recientemente trabajando con los equipos de <strong>Secret6 Madrid<\/strong> y <strong>Manila<\/strong> junto a <strong>clientes como CiGames o EA<\/strong>. Lo que m\u00e1s me motiva es coordinar personas, anticiparme a los problemas y crear un entorno donde todos puedan dar lo mejor de s\u00ed, para que el resultado final sea realmente excepcional.<\/p>\n\n\n\n<figure class=\"wp-block-image size-large\"><img fetchpriority=\"high\" decoding=\"async\" width=\"1024\" height=\"579\" src=\"http:\/\/www.vortice.espol.edu.ec\/wp-content\/uploads\/2025\/10\/Mockup-1024x579.png\" alt=\"\" class=\"wp-image-1586\" srcset=\"https:\/\/www.vortice.espol.edu.ec\/wp-content\/uploads\/2025\/10\/Mockup-1024x579.png 1024w, https:\/\/www.vortice.espol.edu.ec\/wp-content\/uploads\/2025\/10\/Mockup-300x170.png 300w, https:\/\/www.vortice.espol.edu.ec\/wp-content\/uploads\/2025\/10\/Mockup-768x434.png 768w, https:\/\/www.vortice.espol.edu.ec\/wp-content\/uploads\/2025\/10\/Mockup.png 1100w\" sizes=\"(max-width: 706px) 89vw, (max-width: 767px) 82vw, 740px\" \/><\/figure>\n","protected":false},"excerpt":{"rendered":"<p>Game Producer y Project Manager, con experiencia tambi\u00e9n en patrocinios deportivos. Lleva 5 a\u00f1os en la industria del videojuego y siempre ha estado ligado a la parte acad\u00e9mica, mentorizando proyectos de alumnos y compartiendo tanto lo que he aprendido como lo que sigo aprendiendo en el camino. Profesionalmente, he pasado del indie al triple A, &hellip; <\/p>\n<p class=\"link-more\"><a href=\"https:\/\/www.vortice.espol.edu.ec\/index.php\/enrique-valderrama\/\" class=\"more-link\">Continuar leyendo<span class=\"screen-reader-text\"> \u00abENRIQUE VALDERRAMA\u00bb<\/span><\/a><\/p>\n","protected":false},"author":1,"featured_media":0,"parent":0,"menu_order":0,"comment_status":"closed","ping_status":"closed","template":"","meta":{"footnotes":""},"class_list":["post-1585","page","type-page","status-publish","hentry"],"_links":{"self":[{"href":"https:\/\/www.vortice.espol.edu.ec\/index.php\/wp-json\/wp\/v2\/pages\/1585","targetHints":{"allow":["GET"]}}],"collection":[{"href":"https:\/\/www.vortice.espol.edu.ec\/index.php\/wp-json\/wp\/v2\/pages"}],"about":[{"href":"https:\/\/www.vortice.espol.edu.ec\/index.php\/wp-json\/wp\/v2\/types\/page"}],"author":[{"embeddable":true,"href":"https:\/\/www.vortice.espol.edu.ec\/index.php\/wp-json\/wp\/v2\/users\/1"}],"replies":[{"embeddable":true,"href":"https:\/\/www.vortice.espol.edu.ec\/index.php\/wp-json\/wp\/v2\/comments?post=1585"}],"version-history":[{"count":1,"href":"https:\/\/www.vortice.espol.edu.ec\/index.php\/wp-json\/wp\/v2\/pages\/1585\/revisions"}],"predecessor-version":[{"id":1588,"href":"https:\/\/www.vortice.espol.edu.ec\/index.php\/wp-json\/wp\/v2\/pages\/1585\/revisions\/1588"}],"wp:attachment":[{"href":"https:\/\/www.vortice.espol.edu.ec\/index.php\/wp-json\/wp\/v2\/media?parent=1585"}],"curies":[{"name":"wp","href":"https:\/\/api.w.org\/{rel}","templated":true}]}}