{"id":1589,"date":"2025-10-14T08:52:57","date_gmt":"2025-10-14T13:52:57","guid":{"rendered":"http:\/\/www.vortice.espol.edu.ec\/?page_id=1589"},"modified":"2025-10-14T08:52:58","modified_gmt":"2025-10-14T13:52:58","slug":"sandra-morales","status":"publish","type":"page","link":"https:\/\/www.vortice.espol.edu.ec\/index.php\/sandra-morales\/","title":{"rendered":"SANDRA MORALES"},"content":{"rendered":"\n<p><strong>Semblanza<\/strong><\/p>\n\n\n\n<p>Sandra Morales es <strong>dise\u00f1adora gr\u00e1fica<\/strong> <strong>y tipogr\u00e1fica mexicana<\/strong> con un profundo inter\u00e9s en la <strong>historia <\/strong>y la <strong>diversidad ling\u00fc\u00edstica<\/strong>. Realiz\u00f3 una Maestr\u00eda en Tipograf\u00eda en la Universidad de Buenos Aires. Es parte de la Cohorte 2025 del <strong>Type Design Incubator SILICON<\/strong> de la <strong>Universidad de Stanford<\/strong> y cursa un diplomado en Dise\u00f1o Latinoamericano, Decolonial e Inclusivo en la Universidad Nacional de R\u00edo Negro. Su <strong>trabajo<\/strong> ha sido <strong>reconocido<\/strong> en <strong>Gerard Unger Scholarship por TypeTogether, The Malee Scholarship y en la Bienal de Tipos Latinos<\/strong>.<\/p>\n\n\n\n<figure class=\"wp-block-image size-large\"><img fetchpriority=\"high\" decoding=\"async\" width=\"1024\" height=\"1024\" src=\"http:\/\/www.vortice.espol.edu.ec\/wp-content\/uploads\/2025\/10\/Vortice-2024-sandra-morales-ww-1024x1024.png\" alt=\"\" class=\"wp-image-1591\" srcset=\"https:\/\/www.vortice.espol.edu.ec\/wp-content\/uploads\/2025\/10\/Vortice-2024-sandra-morales-ww-1024x1024.png 1024w, https:\/\/www.vortice.espol.edu.ec\/wp-content\/uploads\/2025\/10\/Vortice-2024-sandra-morales-ww-300x300.png 300w, https:\/\/www.vortice.espol.edu.ec\/wp-content\/uploads\/2025\/10\/Vortice-2024-sandra-morales-ww-150x150.png 150w, https:\/\/www.vortice.espol.edu.ec\/wp-content\/uploads\/2025\/10\/Vortice-2024-sandra-morales-ww-768x767.png 768w, https:\/\/www.vortice.espol.edu.ec\/wp-content\/uploads\/2025\/10\/Vortice-2024-sandra-morales-ww-100x100.png 100w, https:\/\/www.vortice.espol.edu.ec\/wp-content\/uploads\/2025\/10\/Vortice-2024-sandra-morales-ww.png 1501w\" sizes=\"(max-width: 706px) 89vw, (max-width: 767px) 82vw, 740px\" \/><\/figure>\n","protected":false},"excerpt":{"rendered":"<p>Semblanza Sandra Morales es dise\u00f1adora gr\u00e1fica y tipogr\u00e1fica mexicana con un profundo inter\u00e9s en la historia y la diversidad ling\u00fc\u00edstica. Realiz\u00f3 una Maestr\u00eda en Tipograf\u00eda en la Universidad de Buenos Aires. Es parte de la Cohorte 2025 del Type Design Incubator SILICON de la Universidad de Stanford y cursa un diplomado en Dise\u00f1o Latinoamericano, Decolonial &hellip; <\/p>\n<p class=\"link-more\"><a href=\"https:\/\/www.vortice.espol.edu.ec\/index.php\/sandra-morales\/\" class=\"more-link\">Continuar leyendo<span class=\"screen-reader-text\"> \u00abSANDRA MORALES\u00bb<\/span><\/a><\/p>\n","protected":false},"author":1,"featured_media":0,"parent":0,"menu_order":0,"comment_status":"closed","ping_status":"closed","template":"","meta":{"footnotes":""},"class_list":["post-1589","page","type-page","status-publish","hentry"],"_links":{"self":[{"href":"https:\/\/www.vortice.espol.edu.ec\/index.php\/wp-json\/wp\/v2\/pages\/1589","targetHints":{"allow":["GET"]}}],"collection":[{"href":"https:\/\/www.vortice.espol.edu.ec\/index.php\/wp-json\/wp\/v2\/pages"}],"about":[{"href":"https:\/\/www.vortice.espol.edu.ec\/index.php\/wp-json\/wp\/v2\/types\/page"}],"author":[{"embeddable":true,"href":"https:\/\/www.vortice.espol.edu.ec\/index.php\/wp-json\/wp\/v2\/users\/1"}],"replies":[{"embeddable":true,"href":"https:\/\/www.vortice.espol.edu.ec\/index.php\/wp-json\/wp\/v2\/comments?post=1589"}],"version-history":[{"count":1,"href":"https:\/\/www.vortice.espol.edu.ec\/index.php\/wp-json\/wp\/v2\/pages\/1589\/revisions"}],"predecessor-version":[{"id":1593,"href":"https:\/\/www.vortice.espol.edu.ec\/index.php\/wp-json\/wp\/v2\/pages\/1589\/revisions\/1593"}],"wp:attachment":[{"href":"https:\/\/www.vortice.espol.edu.ec\/index.php\/wp-json\/wp\/v2\/media?parent=1589"}],"curies":[{"name":"wp","href":"https:\/\/api.w.org\/{rel}","templated":true}]}}