{"id":1595,"date":"2025-10-14T09:04:03","date_gmt":"2025-10-14T14:04:03","guid":{"rendered":"http:\/\/www.vortice.espol.edu.ec\/?page_id=1595"},"modified":"2025-10-14T09:04:04","modified_gmt":"2025-10-14T14:04:04","slug":"javo-martinez-betancourt","status":"publish","type":"page","link":"https:\/\/www.vortice.espol.edu.ec\/index.php\/javo-martinez-betancourt\/","title":{"rendered":"JAVO MART\u00cdNEZ BETANCOURT"},"content":{"rendered":"\n<p>Javier Mart\u00ednez, conocido como Javo, es un <strong>creador visual<\/strong> enfocado en la <strong>direcci\u00f3n de fotograf\u00eda y el storytelling<\/strong>. Su trabajo combina la <strong>est\u00e9tica cinematogr\u00e1fica<\/strong> con una <strong>profunda sensibilidad humana<\/strong>, explorando la belleza en lo cotidiano y lo imperfecto. Ha trabajado en publicidad, documentales y films en distintos pa\u00edses; siendo su trabajo reconocido en festivales internacionales como <strong>Cannes<\/strong>, <strong>Effies<\/strong>, entre otros.<\/p>\n\n\n\n<p><br>Formado en cinematograf\u00eda en Espa\u00f1a, Javo ha vivido en varios lugares del mundo, lo que ha moldeado su <strong>visi\u00f3n multicultural<\/strong> y su inter\u00e9s por las historias que trascienden fronteras.<br>Actualmente, es representado por Macarena, productora audiovisual colombiana, y divide su tiempo entre la direcci\u00f3n de <strong>fotograf\u00eda y la escritura de proyectos narrativos que fusionan el realismo con la magia<\/strong>.<\/p>\n\n\n\n<div class=\"wp-block-columns is-layout-flex wp-container-core-columns-is-layout-9d6595d7 wp-block-columns-is-layout-flex\">\n<div class=\"wp-block-column is-layout-flow wp-block-column-is-layout-flow\">\n<figure class=\"wp-block-image size-large\"><img fetchpriority=\"high\" decoding=\"async\" width=\"1024\" height=\"570\" src=\"http:\/\/www.vortice.espol.edu.ec\/wp-content\/uploads\/2025\/10\/Stills-3-1024x570.jpg\" alt=\"\" class=\"wp-image-1598\" srcset=\"https:\/\/www.vortice.espol.edu.ec\/wp-content\/uploads\/2025\/10\/Stills-3-1024x570.jpg 1024w, https:\/\/www.vortice.espol.edu.ec\/wp-content\/uploads\/2025\/10\/Stills-3-300x167.jpg 300w, https:\/\/www.vortice.espol.edu.ec\/wp-content\/uploads\/2025\/10\/Stills-3-768x428.jpg 768w, https:\/\/www.vortice.espol.edu.ec\/wp-content\/uploads\/2025\/10\/Stills-3-1536x855.jpg 1536w, https:\/\/www.vortice.espol.edu.ec\/wp-content\/uploads\/2025\/10\/Stills-3-2048x1140.jpg 2048w\" sizes=\"(max-width: 706px) 89vw, (max-width: 767px) 82vw, 740px\" \/><\/figure>\n<\/div>\n<\/div>\n\n\n\n<div class=\"wp-block-columns is-layout-flex wp-container-core-columns-is-layout-9d6595d7 wp-block-columns-is-layout-flex\">\n<div class=\"wp-block-column is-layout-flow wp-block-column-is-layout-flow\">\n<figure class=\"wp-block-image size-large\"><img decoding=\"async\" width=\"1024\" height=\"1024\" src=\"http:\/\/www.vortice.espol.edu.ec\/wp-content\/uploads\/2025\/10\/Stills-5-1024x1024.jpg\" alt=\"\" class=\"wp-image-1600\" srcset=\"https:\/\/www.vortice.espol.edu.ec\/wp-content\/uploads\/2025\/10\/Stills-5-1024x1024.jpg 1024w, https:\/\/www.vortice.espol.edu.ec\/wp-content\/uploads\/2025\/10\/Stills-5-300x300.jpg 300w, https:\/\/www.vortice.espol.edu.ec\/wp-content\/uploads\/2025\/10\/Stills-5-150x150.jpg 150w, https:\/\/www.vortice.espol.edu.ec\/wp-content\/uploads\/2025\/10\/Stills-5-768x768.jpg 768w, https:\/\/www.vortice.espol.edu.ec\/wp-content\/uploads\/2025\/10\/Stills-5-1536x1536.jpg 1536w, https:\/\/www.vortice.espol.edu.ec\/wp-content\/uploads\/2025\/10\/Stills-5-100x100.jpg 100w, https:\/\/www.vortice.espol.edu.ec\/wp-content\/uploads\/2025\/10\/Stills-5.jpg 1600w\" sizes=\"(max-width: 706px) 89vw, (max-width: 767px) 82vw, 740px\" \/><\/figure>\n<\/div>\n\n\n\n<div class=\"wp-block-column is-layout-flow wp-block-column-is-layout-flow\">\n<figure class=\"wp-block-image size-large\"><img decoding=\"async\" width=\"1024\" height=\"1024\" src=\"http:\/\/www.vortice.espol.edu.ec\/wp-content\/uploads\/2025\/10\/Stills-6-1024x1024.jpg\" alt=\"\" class=\"wp-image-1601\" srcset=\"https:\/\/www.vortice.espol.edu.ec\/wp-content\/uploads\/2025\/10\/Stills-6-1024x1024.jpg 1024w, https:\/\/www.vortice.espol.edu.ec\/wp-content\/uploads\/2025\/10\/Stills-6-300x300.jpg 300w, https:\/\/www.vortice.espol.edu.ec\/wp-content\/uploads\/2025\/10\/Stills-6-150x150.jpg 150w, https:\/\/www.vortice.espol.edu.ec\/wp-content\/uploads\/2025\/10\/Stills-6-768x768.jpg 768w, https:\/\/www.vortice.espol.edu.ec\/wp-content\/uploads\/2025\/10\/Stills-6-1536x1536.jpg 1536w, https:\/\/www.vortice.espol.edu.ec\/wp-content\/uploads\/2025\/10\/Stills-6-100x100.jpg 100w, https:\/\/www.vortice.espol.edu.ec\/wp-content\/uploads\/2025\/10\/Stills-6.jpg 1600w\" sizes=\"(max-width: 706px) 89vw, (max-width: 767px) 82vw, 740px\" \/><\/figure>\n<\/div>\n<\/div>\n\n\n\n<figure class=\"wp-block-image size-large\"><img loading=\"lazy\" decoding=\"async\" width=\"1024\" height=\"648\" src=\"http:\/\/www.vortice.espol.edu.ec\/wp-content\/uploads\/2025\/10\/Stills-2-1024x648.jpg\" alt=\"\" class=\"wp-image-1597\" srcset=\"https:\/\/www.vortice.espol.edu.ec\/wp-content\/uploads\/2025\/10\/Stills-2-1024x648.jpg 1024w, https:\/\/www.vortice.espol.edu.ec\/wp-content\/uploads\/2025\/10\/Stills-2-300x190.jpg 300w, https:\/\/www.vortice.espol.edu.ec\/wp-content\/uploads\/2025\/10\/Stills-2-768x486.jpg 768w, https:\/\/www.vortice.espol.edu.ec\/wp-content\/uploads\/2025\/10\/Stills-2-1536x972.jpg 1536w, https:\/\/www.vortice.espol.edu.ec\/wp-content\/uploads\/2025\/10\/Stills-2-2048x1295.jpg 2048w\" sizes=\"(max-width: 706px) 89vw, (max-width: 767px) 82vw, 740px\" \/><\/figure>\n\n\n\n<div class=\"wp-block-columns is-layout-flex wp-container-core-columns-is-layout-9d6595d7 wp-block-columns-is-layout-flex\">\n<div class=\"wp-block-column is-layout-flow wp-block-column-is-layout-flow\">\n<figure class=\"wp-block-image size-large\"><img loading=\"lazy\" decoding=\"async\" width=\"1024\" height=\"687\" src=\"http:\/\/www.vortice.espol.edu.ec\/wp-content\/uploads\/2025\/10\/Stills-1-1024x687.jpg\" alt=\"\" class=\"wp-image-1596\" srcset=\"https:\/\/www.vortice.espol.edu.ec\/wp-content\/uploads\/2025\/10\/Stills-1-1024x687.jpg 1024w, https:\/\/www.vortice.espol.edu.ec\/wp-content\/uploads\/2025\/10\/Stills-1-300x201.jpg 300w, https:\/\/www.vortice.espol.edu.ec\/wp-content\/uploads\/2025\/10\/Stills-1-768x516.jpg 768w, https:\/\/www.vortice.espol.edu.ec\/wp-content\/uploads\/2025\/10\/Stills-1-1536x1031.jpg 1536w, https:\/\/www.vortice.espol.edu.ec\/wp-content\/uploads\/2025\/10\/Stills-1-2048x1375.jpg 2048w\" sizes=\"(max-width: 706px) 89vw, (max-width: 767px) 82vw, 740px\" \/><\/figure>\n<\/div>\n\n\n\n<div class=\"wp-block-column is-layout-flow wp-block-column-is-layout-flow\">\n<figure class=\"wp-block-image size-large\"><img loading=\"lazy\" decoding=\"async\" width=\"1024\" height=\"674\" src=\"http:\/\/www.vortice.espol.edu.ec\/wp-content\/uploads\/2025\/10\/Stills-4-1024x674.jpg\" alt=\"\" class=\"wp-image-1599\" srcset=\"https:\/\/www.vortice.espol.edu.ec\/wp-content\/uploads\/2025\/10\/Stills-4-1024x674.jpg 1024w, https:\/\/www.vortice.espol.edu.ec\/wp-content\/uploads\/2025\/10\/Stills-4-300x197.jpg 300w, https:\/\/www.vortice.espol.edu.ec\/wp-content\/uploads\/2025\/10\/Stills-4-768x505.jpg 768w, https:\/\/www.vortice.espol.edu.ec\/wp-content\/uploads\/2025\/10\/Stills-4-1536x1010.jpg 1536w, https:\/\/www.vortice.espol.edu.ec\/wp-content\/uploads\/2025\/10\/Stills-4-2048x1347.jpg 2048w\" sizes=\"(max-width: 706px) 89vw, (max-width: 767px) 82vw, 740px\" \/><\/figure>\n<\/div>\n<\/div>\n\n\n\n<p><\/p>\n","protected":false},"excerpt":{"rendered":"<p>Javier Mart\u00ednez, conocido como Javo, es un creador visual enfocado en la direcci\u00f3n de fotograf\u00eda y el storytelling. Su trabajo combina la est\u00e9tica cinematogr\u00e1fica con una profunda sensibilidad humana, explorando la belleza en lo cotidiano y lo imperfecto. Ha trabajado en publicidad, documentales y films en distintos pa\u00edses; siendo su trabajo reconocido en festivales internacionales &hellip; <\/p>\n<p class=\"link-more\"><a href=\"https:\/\/www.vortice.espol.edu.ec\/index.php\/javo-martinez-betancourt\/\" class=\"more-link\">Continuar leyendo<span class=\"screen-reader-text\"> \u00abJAVO MART\u00cdNEZ BETANCOURT\u00bb<\/span><\/a><\/p>\n","protected":false},"author":1,"featured_media":0,"parent":0,"menu_order":0,"comment_status":"closed","ping_status":"closed","template":"","meta":{"footnotes":""},"class_list":["post-1595","page","type-page","status-publish","hentry"],"_links":{"self":[{"href":"https:\/\/www.vortice.espol.edu.ec\/index.php\/wp-json\/wp\/v2\/pages\/1595","targetHints":{"allow":["GET"]}}],"collection":[{"href":"https:\/\/www.vortice.espol.edu.ec\/index.php\/wp-json\/wp\/v2\/pages"}],"about":[{"href":"https:\/\/www.vortice.espol.edu.ec\/index.php\/wp-json\/wp\/v2\/types\/page"}],"author":[{"embeddable":true,"href":"https:\/\/www.vortice.espol.edu.ec\/index.php\/wp-json\/wp\/v2\/users\/1"}],"replies":[{"embeddable":true,"href":"https:\/\/www.vortice.espol.edu.ec\/index.php\/wp-json\/wp\/v2\/comments?post=1595"}],"version-history":[{"count":1,"href":"https:\/\/www.vortice.espol.edu.ec\/index.php\/wp-json\/wp\/v2\/pages\/1595\/revisions"}],"predecessor-version":[{"id":1603,"href":"https:\/\/www.vortice.espol.edu.ec\/index.php\/wp-json\/wp\/v2\/pages\/1595\/revisions\/1603"}],"wp:attachment":[{"href":"https:\/\/www.vortice.espol.edu.ec\/index.php\/wp-json\/wp\/v2\/media?parent=1595"}],"curies":[{"name":"wp","href":"https:\/\/api.w.org\/{rel}","templated":true}]}}