{"id":1607,"date":"2025-10-15T08:54:44","date_gmt":"2025-10-15T13:54:44","guid":{"rendered":"http:\/\/www.vortice.espol.edu.ec\/?page_id=1607"},"modified":"2025-10-15T09:33:14","modified_gmt":"2025-10-15T14:33:14","slug":"claudia-alonso","status":"publish","type":"page","link":"https:\/\/www.vortice.espol.edu.ec\/index.php\/claudia-alonso\/","title":{"rendered":"CLAUDIA ALONSO"},"content":{"rendered":"\n<p><strong>Claudia Alonso<\/strong> es Licenciada en Bellas Artes por la Universidad de Murcia, M\u00e1ster en<br>Postproducci\u00f3n Digital por la Universidad Polit\u00e9cnica de Valencia y M\u00e1ster en Formaci\u00f3n<br>del Profesorado en Imagen y Ense\u00f1anzas Art\u00edsticas por la Universidad de Murcia. En<br>2025 ha obtenido el t\u00edtulo de Doctora en Bellas Artes con la tesis Cuerpos, mujeres e<br>im\u00e1genes, donde se <strong>exploran las intersecciones entre representaci\u00f3n, g\u00e9nero y est\u00e9tica<\/strong>. A trav\u00e9s del estudio de la <strong>conceptualizaci\u00f3n de mujer a trav\u00e9s de las im\u00e1genes<\/strong>, se<br>contraponen las pr\u00e1cticas art\u00edsticas y fotogr\u00e1ficas contempor\u00e1neas a los discursos<br>ampliamente diseminados de la cultura audiovisual popular.<br>Su trayectoria docente comenz\u00f3 en EDCOM (ahora FADCOM) (2014\u20132016), continu\u00f3 en<br>la Facultad de Filosof\u00eda de la Universidad de Murcia (2017) y desde 2018 imparte clases<br>de Teor\u00eda de la Fotograf\u00eda y Proyecto Integrado de Fotograf\u00eda en la Escuela de Arte de<br>Murcia. Su labor <strong>combina investigaci\u00f3n y pr\u00e1ctica educativa<\/strong>, siempre con el objetivo de<br>tender <strong>puentes entre la teor\u00eda del arte<\/strong>, la <strong>producci\u00f3n audiovisual y las nuevas<br>perspectivas cr\u00edticas en torno a la imagen<\/strong>.<\/p>\n\n\n\n<figure class=\"wp-block-image size-large\"><img fetchpriority=\"high\" decoding=\"async\" width=\"1024\" height=\"576\" src=\"http:\/\/www.vortice.espol.edu.ec\/wp-content\/uploads\/2025\/10\/IMAGENES-DOSSIER-CLAUDIA-ALONSO_pages-to-jpg-0001-1024x576.jpg\" alt=\"\" class=\"wp-image-1608\" srcset=\"https:\/\/www.vortice.espol.edu.ec\/wp-content\/uploads\/2025\/10\/IMAGENES-DOSSIER-CLAUDIA-ALONSO_pages-to-jpg-0001-1024x576.jpg 1024w, https:\/\/www.vortice.espol.edu.ec\/wp-content\/uploads\/2025\/10\/IMAGENES-DOSSIER-CLAUDIA-ALONSO_pages-to-jpg-0001-300x169.jpg 300w, https:\/\/www.vortice.espol.edu.ec\/wp-content\/uploads\/2025\/10\/IMAGENES-DOSSIER-CLAUDIA-ALONSO_pages-to-jpg-0001-768x432.jpg 768w, https:\/\/www.vortice.espol.edu.ec\/wp-content\/uploads\/2025\/10\/IMAGENES-DOSSIER-CLAUDIA-ALONSO_pages-to-jpg-0001-1536x864.jpg 1536w, https:\/\/www.vortice.espol.edu.ec\/wp-content\/uploads\/2025\/10\/IMAGENES-DOSSIER-CLAUDIA-ALONSO_pages-to-jpg-0001-2048x1152.jpg 2048w\" sizes=\"(max-width: 706px) 89vw, (max-width: 767px) 82vw, 740px\" \/><\/figure>\n\n\n\n<figure class=\"wp-block-image size-large is-resized\"><img decoding=\"async\" width=\"1024\" height=\"576\" src=\"http:\/\/www.vortice.espol.edu.ec\/wp-content\/uploads\/2025\/10\/IMAGENES-DOSSIER-CLAUDIA-ALONSO_pages-to-jpg-0002-1024x576.png\" alt=\"\" class=\"wp-image-1609\" style=\"width:654px;height:auto\" srcset=\"https:\/\/www.vortice.espol.edu.ec\/wp-content\/uploads\/2025\/10\/IMAGENES-DOSSIER-CLAUDIA-ALONSO_pages-to-jpg-0002-1024x576.png 1024w, https:\/\/www.vortice.espol.edu.ec\/wp-content\/uploads\/2025\/10\/IMAGENES-DOSSIER-CLAUDIA-ALONSO_pages-to-jpg-0002-300x169.png 300w, https:\/\/www.vortice.espol.edu.ec\/wp-content\/uploads\/2025\/10\/IMAGENES-DOSSIER-CLAUDIA-ALONSO_pages-to-jpg-0002-768x432.png 768w, https:\/\/www.vortice.espol.edu.ec\/wp-content\/uploads\/2025\/10\/IMAGENES-DOSSIER-CLAUDIA-ALONSO_pages-to-jpg-0002-1536x864.png 1536w, https:\/\/www.vortice.espol.edu.ec\/wp-content\/uploads\/2025\/10\/IMAGENES-DOSSIER-CLAUDIA-ALONSO_pages-to-jpg-0002.png 2000w\" sizes=\"(max-width: 706px) 89vw, (max-width: 767px) 82vw, 740px\" \/><\/figure>\n\n\n\n<figure class=\"wp-block-image size-large is-resized\"><img decoding=\"async\" width=\"1024\" height=\"576\" src=\"http:\/\/www.vortice.espol.edu.ec\/wp-content\/uploads\/2025\/10\/IMAGENES-DOSSIER-CLAUDIA-ALONSO_pages-to-jpg-0003-1024x576.png\" alt=\"\" class=\"wp-image-1610\" style=\"width:629px;height:auto\" srcset=\"https:\/\/www.vortice.espol.edu.ec\/wp-content\/uploads\/2025\/10\/IMAGENES-DOSSIER-CLAUDIA-ALONSO_pages-to-jpg-0003-1024x576.png 1024w, https:\/\/www.vortice.espol.edu.ec\/wp-content\/uploads\/2025\/10\/IMAGENES-DOSSIER-CLAUDIA-ALONSO_pages-to-jpg-0003-300x169.png 300w, https:\/\/www.vortice.espol.edu.ec\/wp-content\/uploads\/2025\/10\/IMAGENES-DOSSIER-CLAUDIA-ALONSO_pages-to-jpg-0003-768x432.png 768w, https:\/\/www.vortice.espol.edu.ec\/wp-content\/uploads\/2025\/10\/IMAGENES-DOSSIER-CLAUDIA-ALONSO_pages-to-jpg-0003.png 1500w\" sizes=\"(max-width: 706px) 89vw, (max-width: 767px) 82vw, 740px\" \/><\/figure>\n\n\n\n<figure class=\"wp-block-image size-large is-resized\"><img loading=\"lazy\" decoding=\"async\" width=\"1024\" height=\"576\" src=\"http:\/\/www.vortice.espol.edu.ec\/wp-content\/uploads\/2025\/10\/IMAGENES-DOSSIER-CLAUDIA-ALONSO_pages-to-jpg-0004-1024x576.png\" alt=\"\" class=\"wp-image-1611\" style=\"width:642px;height:auto\" srcset=\"https:\/\/www.vortice.espol.edu.ec\/wp-content\/uploads\/2025\/10\/IMAGENES-DOSSIER-CLAUDIA-ALONSO_pages-to-jpg-0004-1024x576.png 1024w, https:\/\/www.vortice.espol.edu.ec\/wp-content\/uploads\/2025\/10\/IMAGENES-DOSSIER-CLAUDIA-ALONSO_pages-to-jpg-0004-300x169.png 300w, https:\/\/www.vortice.espol.edu.ec\/wp-content\/uploads\/2025\/10\/IMAGENES-DOSSIER-CLAUDIA-ALONSO_pages-to-jpg-0004-768x432.png 768w, https:\/\/www.vortice.espol.edu.ec\/wp-content\/uploads\/2025\/10\/IMAGENES-DOSSIER-CLAUDIA-ALONSO_pages-to-jpg-0004.png 1500w\" sizes=\"(max-width: 706px) 89vw, (max-width: 767px) 82vw, 740px\" \/><\/figure>\n","protected":false},"excerpt":{"rendered":"<p>Claudia Alonso es Licenciada en Bellas Artes por la Universidad de Murcia, M\u00e1ster enPostproducci\u00f3n Digital por la Universidad Polit\u00e9cnica de Valencia y M\u00e1ster en Formaci\u00f3ndel Profesorado en Imagen y Ense\u00f1anzas Art\u00edsticas por la Universidad de Murcia. En2025 ha obtenido el t\u00edtulo de Doctora en Bellas Artes con la tesis Cuerpos, mujeres eim\u00e1genes, donde se exploran &hellip; <\/p>\n<p class=\"link-more\"><a href=\"https:\/\/www.vortice.espol.edu.ec\/index.php\/claudia-alonso\/\" class=\"more-link\">Continuar leyendo<span class=\"screen-reader-text\"> \u00abCLAUDIA ALONSO\u00bb<\/span><\/a><\/p>\n","protected":false},"author":1,"featured_media":0,"parent":0,"menu_order":0,"comment_status":"closed","ping_status":"closed","template":"","meta":{"footnotes":""},"class_list":["post-1607","page","type-page","status-publish","hentry"],"_links":{"self":[{"href":"https:\/\/www.vortice.espol.edu.ec\/index.php\/wp-json\/wp\/v2\/pages\/1607","targetHints":{"allow":["GET"]}}],"collection":[{"href":"https:\/\/www.vortice.espol.edu.ec\/index.php\/wp-json\/wp\/v2\/pages"}],"about":[{"href":"https:\/\/www.vortice.espol.edu.ec\/index.php\/wp-json\/wp\/v2\/types\/page"}],"author":[{"embeddable":true,"href":"https:\/\/www.vortice.espol.edu.ec\/index.php\/wp-json\/wp\/v2\/users\/1"}],"replies":[{"embeddable":true,"href":"https:\/\/www.vortice.espol.edu.ec\/index.php\/wp-json\/wp\/v2\/comments?post=1607"}],"version-history":[{"count":2,"href":"https:\/\/www.vortice.espol.edu.ec\/index.php\/wp-json\/wp\/v2\/pages\/1607\/revisions"}],"predecessor-version":[{"id":1615,"href":"https:\/\/www.vortice.espol.edu.ec\/index.php\/wp-json\/wp\/v2\/pages\/1607\/revisions\/1615"}],"wp:attachment":[{"href":"https:\/\/www.vortice.espol.edu.ec\/index.php\/wp-json\/wp\/v2\/media?parent=1607"}],"curies":[{"name":"wp","href":"https:\/\/api.w.org\/{rel}","templated":true}]}}