{"id":1616,"date":"2025-10-15T10:35:53","date_gmt":"2025-10-15T15:35:53","guid":{"rendered":"http:\/\/www.vortice.espol.edu.ec\/?page_id=1616"},"modified":"2025-10-15T18:28:45","modified_gmt":"2025-10-15T23:28:45","slug":"billy-soto","status":"publish","type":"page","link":"https:\/\/www.vortice.espol.edu.ec\/index.php\/billy-soto\/","title":{"rendered":"BILLY SOTO"},"content":{"rendered":"\n<p><strong>Artista, Dise\u00f1ador Gr\u00e1fico e Investigador Visual<\/strong><\/p>\n\n\n\n<p>Investigador, artista y docente ecuatoriano especializado en el estudio de la gr\u00e1fica precolombina y su resignificaci\u00f3n en el dise\u00f1o y el arte contempor\u00e1neo. <strong>Doctor en Bellas Artes (Ph.D.) por la Universidad Complutense de Madrid<\/strong>, con <em>Menci\u00f3n Internacional Cum Laude<\/em>, y <strong>M\u00e1ster en Investigaci\u00f3n en Arte y Creaci\u00f3n<\/strong> por la misma instituci\u00f3n.<\/p>\n\n\n\n<p>Con m\u00e1s de <strong>20 a\u00f1os de trayectoria acad\u00e9mica y profesional<\/strong>, ha liderado programas de dise\u00f1o, proyectos interdisciplinarios y procesos de formaci\u00f3n creativa orientados a integrar la teor\u00eda, la pr\u00e1ctica y la innovaci\u00f3n. Su trabajo articula la <strong>investigaci\u00f3n visual, la composici\u00f3n gr\u00e1fica y la comunicaci\u00f3n contempor\u00e1nea<\/strong>, estableciendo puentes conceptuales y est\u00e9ticos entre <strong>lo ancestral y lo moderno<\/strong>.<\/p>\n\n\n\n<p>Autor de los libros <em>Identidad \u00danica<\/em> y <em>Geometr\u00eda Precolombina<\/em>, referentes en el an\u00e1lisis visual del arte ancestral ecuatoriano, as\u00ed como de diversas publicaciones cient\u00edficas sobre el mismo campo. Es tambi\u00e9n creador de las series pict\u00f3ricas <em>OnLine<\/em> e <em>Identidad \u00danica<\/em>, donde explora la convergencia entre la herencia gr\u00e1fica precolombina y la visualidad digital contempor\u00e1nea.<\/p>\n\n\n\n<p>Actualmente, desarrolla su pr\u00e1ctica art\u00edstica e investigativa en torno a <strong>las metodolog\u00edas de creaci\u00f3n visual<\/strong> y la <strong>integraci\u00f3n del arte con la tecnolog\u00eda<\/strong>, promoviendo una reflexi\u00f3n cr\u00edtica sobre la imagen y la memoria cultural. Ha participado en <strong>conferencias internacionales y proyectos de arte y dise\u00f1o<\/strong> con enfoque investigativo y educativo, centrados en el rescate y relectura de la gr\u00e1fica ancestral del Ecuador.<\/p>\n","protected":false},"excerpt":{"rendered":"<p>Artista, Dise\u00f1ador Gr\u00e1fico e Investigador Visual Investigador, artista y docente ecuatoriano especializado en el estudio de la gr\u00e1fica precolombina y su resignificaci\u00f3n en el dise\u00f1o y el arte contempor\u00e1neo. Doctor en Bellas Artes (Ph.D.) por la Universidad Complutense de Madrid, con Menci\u00f3n Internacional Cum Laude, y M\u00e1ster en Investigaci\u00f3n en Arte y Creaci\u00f3n por la &hellip; <\/p>\n<p class=\"link-more\"><a href=\"https:\/\/www.vortice.espol.edu.ec\/index.php\/billy-soto\/\" class=\"more-link\">Continuar leyendo<span class=\"screen-reader-text\"> \u00abBILLY SOTO\u00bb<\/span><\/a><\/p>\n","protected":false},"author":1,"featured_media":0,"parent":0,"menu_order":0,"comment_status":"closed","ping_status":"closed","template":"","meta":{"footnotes":""},"class_list":["post-1616","page","type-page","status-publish","hentry"],"_links":{"self":[{"href":"https:\/\/www.vortice.espol.edu.ec\/index.php\/wp-json\/wp\/v2\/pages\/1616","targetHints":{"allow":["GET"]}}],"collection":[{"href":"https:\/\/www.vortice.espol.edu.ec\/index.php\/wp-json\/wp\/v2\/pages"}],"about":[{"href":"https:\/\/www.vortice.espol.edu.ec\/index.php\/wp-json\/wp\/v2\/types\/page"}],"author":[{"embeddable":true,"href":"https:\/\/www.vortice.espol.edu.ec\/index.php\/wp-json\/wp\/v2\/users\/1"}],"replies":[{"embeddable":true,"href":"https:\/\/www.vortice.espol.edu.ec\/index.php\/wp-json\/wp\/v2\/comments?post=1616"}],"version-history":[{"count":2,"href":"https:\/\/www.vortice.espol.edu.ec\/index.php\/wp-json\/wp\/v2\/pages\/1616\/revisions"}],"predecessor-version":[{"id":1634,"href":"https:\/\/www.vortice.espol.edu.ec\/index.php\/wp-json\/wp\/v2\/pages\/1616\/revisions\/1634"}],"wp:attachment":[{"href":"https:\/\/www.vortice.espol.edu.ec\/index.php\/wp-json\/wp\/v2\/media?parent=1616"}],"curies":[{"name":"wp","href":"https:\/\/api.w.org\/{rel}","templated":true}]}}