{"id":1674,"date":"2025-10-18T08:51:07","date_gmt":"2025-10-18T13:51:07","guid":{"rendered":"http:\/\/www.vortice.espol.edu.ec\/?page_id=1674"},"modified":"2025-10-18T08:56:30","modified_gmt":"2025-10-18T13:56:30","slug":"arturo-del-pozo","status":"publish","type":"page","link":"https:\/\/www.vortice.espol.edu.ec\/index.php\/arturo-del-pozo\/","title":{"rendered":"ARTURO DEL POZO"},"content":{"rendered":"\n<p><strong>Artista 3D de Personajes | Escultor Digital | Dise\u00f1ador de Criaturas y Personajes<\/strong><\/p>\n\n\n\n<p>Especializado en la creaci\u00f3n de personajes estilizados y semi-realistas para videojuegos m\u00f3viles e independientes, con un enfoque en el desarrollo de <strong>modelos de alta calidad listos para producci\u00f3n<\/strong>. Actualmente forma parte de <strong>LiquidX Studios<\/strong>, donde se encarga de todo el proceso de creaci\u00f3n de personajes: desde la <strong>escultura y retopolog\u00eda<\/strong>, hasta el <strong>texturizado e integraci\u00f3n final<\/strong> en el entorno del juego.<\/p>\n\n\n\n<p>Apasionado por la <strong>anatom\u00eda, el dise\u00f1o, la narrativa visual y el universo mecha<\/strong>, tambi\u00e9n dedica parte de su tiempo personal a la <strong>pintura de miniaturas y construcci\u00f3n de modelos<\/strong>, explorando nuevas formas de expresi\u00f3n y detalle en el dise\u00f1o de personajes.<\/p>\n\n\n\n<p>Puedes conocer m\u00e1s de su trabajo en <a href=\"https:\/\/arturodelpozo.artstation.com\/\">https:\/\/arturodelpozo.artstation.com\/<\/a><\/p>\n\n\n\n<figure class=\"wp-block-image size-full is-resized\"><img fetchpriority=\"high\" decoding=\"async\" width=\"400\" height=\"400\" src=\"http:\/\/www.vortice.espol.edu.ec\/wp-content\/uploads\/2025\/10\/arturo-del-pozo-arturo-del-pozo-zombiemarco003-0-00-00-00-2.jpg\" alt=\"\" class=\"wp-image-1681\" style=\"width:330px;height:auto\" srcset=\"https:\/\/www.vortice.espol.edu.ec\/wp-content\/uploads\/2025\/10\/arturo-del-pozo-arturo-del-pozo-zombiemarco003-0-00-00-00-2.jpg 400w, https:\/\/www.vortice.espol.edu.ec\/wp-content\/uploads\/2025\/10\/arturo-del-pozo-arturo-del-pozo-zombiemarco003-0-00-00-00-2-300x300.jpg 300w, https:\/\/www.vortice.espol.edu.ec\/wp-content\/uploads\/2025\/10\/arturo-del-pozo-arturo-del-pozo-zombiemarco003-0-00-00-00-2-150x150.jpg 150w, https:\/\/www.vortice.espol.edu.ec\/wp-content\/uploads\/2025\/10\/arturo-del-pozo-arturo-del-pozo-zombiemarco003-0-00-00-00-2-100x100.jpg 100w\" sizes=\"(max-width: 400px) 100vw, 400px\" \/><\/figure>\n\n\n\n<figure class=\"wp-block-image size-full is-resized\"><img decoding=\"async\" width=\"400\" height=\"400\" src=\"http:\/\/www.vortice.espol.edu.ec\/wp-content\/uploads\/2025\/10\/arturo-del-pozo-arturo-del-pozo-bug-thumbnail-1.jpg\" alt=\"\" class=\"wp-image-1680\" style=\"width:331px;height:auto\" srcset=\"https:\/\/www.vortice.espol.edu.ec\/wp-content\/uploads\/2025\/10\/arturo-del-pozo-arturo-del-pozo-bug-thumbnail-1.jpg 400w, https:\/\/www.vortice.espol.edu.ec\/wp-content\/uploads\/2025\/10\/arturo-del-pozo-arturo-del-pozo-bug-thumbnail-1-300x300.jpg 300w, https:\/\/www.vortice.espol.edu.ec\/wp-content\/uploads\/2025\/10\/arturo-del-pozo-arturo-del-pozo-bug-thumbnail-1-150x150.jpg 150w, https:\/\/www.vortice.espol.edu.ec\/wp-content\/uploads\/2025\/10\/arturo-del-pozo-arturo-del-pozo-bug-thumbnail-1-100x100.jpg 100w\" sizes=\"(max-width: 400px) 100vw, 400px\" \/><\/figure>\n","protected":false},"excerpt":{"rendered":"<p>Artista 3D de Personajes | Escultor Digital | Dise\u00f1ador de Criaturas y Personajes Especializado en la creaci\u00f3n de personajes estilizados y semi-realistas para videojuegos m\u00f3viles e independientes, con un enfoque en el desarrollo de modelos de alta calidad listos para producci\u00f3n. Actualmente forma parte de LiquidX Studios, donde se encarga de todo el proceso de &hellip; <\/p>\n<p class=\"link-more\"><a href=\"https:\/\/www.vortice.espol.edu.ec\/index.php\/arturo-del-pozo\/\" class=\"more-link\">Continuar leyendo<span class=\"screen-reader-text\"> \u00abARTURO DEL POZO\u00bb<\/span><\/a><\/p>\n","protected":false},"author":1,"featured_media":0,"parent":0,"menu_order":0,"comment_status":"closed","ping_status":"closed","template":"","meta":{"footnotes":""},"class_list":["post-1674","page","type-page","status-publish","hentry"],"_links":{"self":[{"href":"https:\/\/www.vortice.espol.edu.ec\/index.php\/wp-json\/wp\/v2\/pages\/1674","targetHints":{"allow":["GET"]}}],"collection":[{"href":"https:\/\/www.vortice.espol.edu.ec\/index.php\/wp-json\/wp\/v2\/pages"}],"about":[{"href":"https:\/\/www.vortice.espol.edu.ec\/index.php\/wp-json\/wp\/v2\/types\/page"}],"author":[{"embeddable":true,"href":"https:\/\/www.vortice.espol.edu.ec\/index.php\/wp-json\/wp\/v2\/users\/1"}],"replies":[{"embeddable":true,"href":"https:\/\/www.vortice.espol.edu.ec\/index.php\/wp-json\/wp\/v2\/comments?post=1674"}],"version-history":[{"count":2,"href":"https:\/\/www.vortice.espol.edu.ec\/index.php\/wp-json\/wp\/v2\/pages\/1674\/revisions"}],"predecessor-version":[{"id":1683,"href":"https:\/\/www.vortice.espol.edu.ec\/index.php\/wp-json\/wp\/v2\/pages\/1674\/revisions\/1683"}],"wp:attachment":[{"href":"https:\/\/www.vortice.espol.edu.ec\/index.php\/wp-json\/wp\/v2\/media?parent=1674"}],"curies":[{"name":"wp","href":"https:\/\/api.w.org\/{rel}","templated":true}]}}